{"id":4915,"date":"2020-09-20T08:34:01","date_gmt":"2020-09-20T06:34:01","guid":{"rendered":"https:\/\/dermatim.rs\/about-us\/"},"modified":"2026-04-03T13:46:16","modified_gmt":"2026-04-03T11:46:16","slug":"about-us","status":"publish","type":"page","link":"https:\/\/dermatim.rs\/en\/about-us\/","title":{"rendered":"About us"},"content":{"rendered":"\n<div class=\"wp-block-columns is-layout-flex wp-container-core-columns-is-layout-9d6595d7 wp-block-columns-is-layout-flex\">\n<div class=\"wp-block-column is-layout-flow wp-block-column-is-layout-flow\">\n<figure class=\"wp-block-image size-large\"><img loading=\"lazy\" decoding=\"async\" width=\"1024\" height=\"768\" src=\"https:\/\/dermatim.rs\/wp-content\/uploads\/2026\/04\/poliklinika-dermatim-dermatolog-beograd-1024x768.jpg\" alt=\"\" class=\"wp-image-8926\" title=\"dermatim\" srcset=\"https:\/\/dermatim.rs\/wp-content\/uploads\/2026\/04\/poliklinika-dermatim-dermatolog-beograd-1024x768.jpg 1024w, https:\/\/dermatim.rs\/wp-content\/uploads\/2026\/04\/poliklinika-dermatim-dermatolog-beograd-300x225.jpg 300w, https:\/\/dermatim.rs\/wp-content\/uploads\/2026\/04\/poliklinika-dermatim-dermatolog-beograd-768x576.jpg 768w, https:\/\/dermatim.rs\/wp-content\/uploads\/2026\/04\/poliklinika-dermatim-dermatolog-beograd-1536x1152.jpg 1536w, https:\/\/dermatim.rs\/wp-content\/uploads\/2026\/04\/poliklinika-dermatim-dermatolog-beograd.jpg 1600w\" sizes=\"auto, (max-width: 1024px) 100vw, 1024px\" \/><\/figure>\n<\/div>\n\n\n\n<div class=\"wp-block-column is-layout-flow wp-block-column-is-layout-flow\">\n<p id=\"text_block-34-18\"><strong>Dermatim dermatological practice<\/strong> is the first private centre for skin diseases, sexually transmitted diseases and cosmetology in Serbia.<\/p>\n\n\n\n<p><strong>Dermatim practice<\/strong> was founded in 2007 by Dr. <a href=\"https:\/\/dermatim.rs\/en\/about-us\/dr-svetlana-durisic\/\">Svetlana \u0110uri\u0161i\u0107<\/a>, specialist in skin and venereal diseases, after eight years of professional experience gained by working at the Military Medical Academy &#8211; VMA, Zvezdara Clinical Hospital Centre and other private healthcare institutions.<\/p>\n\n\n\n<p><strong>Dermatim<\/strong> was founded with the aim of providing all medical services related to dermatology in one place:<\/p>\n\n\n\n<ul class=\"wp-block-list\">\n<li>treatment of skin diseases and conditions<\/li>\n\n\n\n<li>treatment of sexually transmitted diseases<\/li>\n\n\n\n<li>general and aesthetic dermatology<\/li>\n\n\n\n<li>cosmetology<\/li>\n\n\n\n<li>laser skin treatments<\/li>\n\n\n\n<li>skin surgery.<\/li>\n<\/ul>\n\n\n\n<p>For the treatment of our patients, with expert knowledge, we use the <strong>latest technologies and state-of-the-art lasers<\/strong>.<\/p>\n\n\n\n<p>Since the establishment of our practice, we have been constantly improving our knowledge and enhancing our techniques by implementing the new technologies, all with the idea of providing the highest quality services specifically tailored to each patient. <strong>Sincerely<\/strong>, <strong>Your Dermatim<\/strong><\/p>\n<\/div>\n<\/div>\n\n\n\n<div class=\"wp-block-group alignfull wrapped has-background\" style=\"background-color:#f0f0f0\"><div class=\"wp-block-group__inner-container is-layout-flow wp-block-group-is-layout-flow\">\n<div style=\"height:31px\" aria-hidden=\"true\" class=\"wp-block-spacer\"><\/div>\n\n\n\n<h2 class=\"wp-block-heading has-text-align-center has-luminous-vivid-orange-color has-text-color has-large-font-size\">Meet our Dermatim<\/h2>\n\n\n\n<div style=\"height:30px\" aria-hidden=\"true\" class=\"wp-block-spacer\"><\/div>\n\n\n\n<div class=\"wp-block-columns is-layout-flex wp-container-core-columns-is-layout-9d6595d7 wp-block-columns-is-layout-flex\">\n<div class=\"wp-block-column is-layout-flow wp-block-column-is-layout-flow\">\n<figure class=\"wp-block-image size-full\"><img loading=\"lazy\" decoding=\"async\" width=\"500\" height=\"500\" src=\"https:\/\/dermatim.rs\/wp-content\/uploads\/2026\/04\/dr-svetlana-djurisic-poliklinika-dermatim-beograd.jpg\" alt=\"dr svetlana djurisic poliklinika dermatim beograd\" class=\"wp-image-8858\" title=\"dr Svetlana \u0110uri\u0161i\u0107\" srcset=\"https:\/\/dermatim.rs\/wp-content\/uploads\/2026\/04\/dr-svetlana-djurisic-poliklinika-dermatim-beograd.jpg 500w, https:\/\/dermatim.rs\/wp-content\/uploads\/2026\/04\/dr-svetlana-djurisic-poliklinika-dermatim-beograd-300x300.jpg 300w, https:\/\/dermatim.rs\/wp-content\/uploads\/2026\/04\/dr-svetlana-djurisic-poliklinika-dermatim-beograd-150x150.jpg 150w\" sizes=\"auto, (max-width: 500px) 100vw, 500px\" \/><\/figure>\n\n\n\n<h2 class=\"wp-block-heading has-text-align-center\">dr Svetlana \u0110uri\u0161i\u0107<\/h2>\n\n\n\n<div class=\"wp-block-buttons is-horizontal is-content-justification-center is-layout-flex wp-container-core-buttons-is-layout-499968f5 wp-block-buttons-is-layout-flex\">\n<div class=\"wp-block-button\"><a class=\"wp-block-button__link wp-element-button\" href=\"https:\/\/dermatim.rs\/en\/about-us\/dr-svetlana-durisic\/\">Work experience<\/a><\/div>\n<\/div>\n<\/div>\n\n\n\n<div class=\"wp-block-column is-layout-flow wp-block-column-is-layout-flow\">\n<figure class=\"wp-block-image size-full\"><img loading=\"lazy\" decoding=\"async\" width=\"500\" height=\"500\" src=\"https:\/\/dermatim.rs\/wp-content\/uploads\/2026\/03\/dr-sladjana-cvejic.jpg\" alt=\"dr Sladjana Cvejic\" class=\"wp-image-8776\" title=\"dr Sla\u0111ana Cveji\u0107 specialist dermatovenerologije\" srcset=\"https:\/\/dermatim.rs\/wp-content\/uploads\/2026\/03\/dr-sladjana-cvejic.jpg 500w, https:\/\/dermatim.rs\/wp-content\/uploads\/2026\/03\/dr-sladjana-cvejic-300x300.jpg 300w, https:\/\/dermatim.rs\/wp-content\/uploads\/2026\/03\/dr-sladjana-cvejic-150x150.jpg 150w\" sizes=\"auto, (max-width: 500px) 100vw, 500px\" \/><\/figure>\n\n\n\n<h2 class=\"wp-block-heading has-text-align-center\">dr Sla\u0111ana Cveji\u0107<\/h2>\n\n\n\n<div class=\"wp-block-buttons is-horizontal is-content-justification-center is-layout-flex wp-container-core-buttons-is-layout-499968f5 wp-block-buttons-is-layout-flex\">\n<div class=\"wp-block-button\"><a class=\"wp-block-button__link wp-element-button\" href=\"https:\/\/dermatim.rs\/en\/about-us\/dr-sladana-cvejic\/\">Work experience<\/a><\/div>\n<\/div>\n<\/div>\n\n\n\n<div class=\"wp-block-column is-layout-flow wp-block-column-is-layout-flow\">\n<figure class=\"wp-block-image size-full\"><img loading=\"lazy\" decoding=\"async\" width=\"500\" height=\"500\" src=\"https:\/\/dermatim.rs\/wp-content\/uploads\/2026\/04\/dr-biljana-janus-lazic.jpg\" alt=\"dr biljana janus lazic\" class=\"wp-image-8862\" title=\"dr Biljana Janus Lazi\u0107 specialist dermatovenerologije\" srcset=\"https:\/\/dermatim.rs\/wp-content\/uploads\/2026\/04\/dr-biljana-janus-lazic.jpg 500w, https:\/\/dermatim.rs\/wp-content\/uploads\/2026\/04\/dr-biljana-janus-lazic-300x300.jpg 300w, https:\/\/dermatim.rs\/wp-content\/uploads\/2026\/04\/dr-biljana-janus-lazic-150x150.jpg 150w\" sizes=\"auto, (max-width: 500px) 100vw, 500px\" \/><\/figure>\n\n\n\n<h2 class=\"wp-block-heading has-text-align-center\">dr Biljana Janus Lazi\u0107<\/h2>\n\n\n\n<div class=\"wp-block-buttons is-horizontal is-content-justification-center is-layout-flex wp-container-core-buttons-is-layout-499968f5 wp-block-buttons-is-layout-flex\">\n<div class=\"wp-block-button\"><a class=\"wp-block-button__link wp-element-button\" href=\"https:\/\/dermatim.rs\/en\/about-us\/dr-biljana-janus-lazic\/\">Work experience<\/a><\/div>\n<\/div>\n<\/div>\n<\/div>\n\n\n\n<div style=\"height:30px\" aria-hidden=\"true\" class=\"wp-block-spacer\"><\/div>\n\n\n\n<div class=\"wp-block-columns is-layout-flex wp-container-core-columns-is-layout-9d6595d7 wp-block-columns-is-layout-flex\">\n<div class=\"wp-block-column is-layout-flow wp-block-column-is-layout-flow\">\n<figure class=\"wp-block-image size-full\"><img loading=\"lazy\" decoding=\"async\" width=\"500\" height=\"500\" src=\"https:\/\/dermatim.rs\/wp-content\/uploads\/2026\/03\/marija-vujovic-dermatim.jpg\" alt=\"marija vujovic dermatim\" class=\"wp-image-8781\" title=\"Marija Vujovic\" srcset=\"https:\/\/dermatim.rs\/wp-content\/uploads\/2026\/03\/marija-vujovic-dermatim.jpg 500w, https:\/\/dermatim.rs\/wp-content\/uploads\/2026\/03\/marija-vujovic-dermatim-300x300.jpg 300w, https:\/\/dermatim.rs\/wp-content\/uploads\/2026\/03\/marija-vujovic-dermatim-150x150.jpg 150w\" sizes=\"auto, (max-width: 500px) 100vw, 500px\" \/><\/figure>\n\n\n\n<h2 class=\"wp-block-heading has-text-align-center\">Marija Vujovi\u0107<br><\/h2>\n\n\n\n<p class=\"has-text-align-center\">certified laser operator<\/p>\n<\/div>\n\n\n\n<div class=\"wp-block-column is-layout-flow wp-block-column-is-layout-flow\">\n<figure class=\"wp-block-image size-full\"><img loading=\"lazy\" decoding=\"async\" width=\"500\" height=\"500\" src=\"https:\/\/dermatim.rs\/wp-content\/uploads\/2026\/03\/natasa-zelenbaba-dermatim.jpg\" alt=\"natasa zelenbaba dermatim\" class=\"wp-image-8783\" title=\"Natasa Zelenbaba\" srcset=\"https:\/\/dermatim.rs\/wp-content\/uploads\/2026\/03\/natasa-zelenbaba-dermatim.jpg 500w, https:\/\/dermatim.rs\/wp-content\/uploads\/2026\/03\/natasa-zelenbaba-dermatim-300x300.jpg 300w, https:\/\/dermatim.rs\/wp-content\/uploads\/2026\/03\/natasa-zelenbaba-dermatim-150x150.jpg 150w\" sizes=\"auto, (max-width: 500px) 100vw, 500px\" \/><\/figure>\n\n\n\n<h2 class=\"wp-block-heading has-text-align-center\">Nata\u0161a Zelenbaba<\/h2>\n\n\n\n<p class=\"has-text-align-center\">medical technician and graduate cosmetologist<\/p>\n<\/div>\n\n\n\n<div class=\"wp-block-column is-layout-flow wp-block-column-is-layout-flow\">\n<figure class=\"wp-block-image size-full\"><img loading=\"lazy\" decoding=\"async\" width=\"500\" height=\"500\" src=\"https:\/\/dermatim.rs\/wp-content\/uploads\/2026\/03\/radmila-erceg-dermatim.jpg\" alt=\"radmila erceg dermatim\" class=\"wp-image-8785\" title=\"Radmila Erceg\" srcset=\"https:\/\/dermatim.rs\/wp-content\/uploads\/2026\/03\/radmila-erceg-dermatim.jpg 500w, https:\/\/dermatim.rs\/wp-content\/uploads\/2026\/03\/radmila-erceg-dermatim-300x300.jpg 300w, https:\/\/dermatim.rs\/wp-content\/uploads\/2026\/03\/radmila-erceg-dermatim-150x150.jpg 150w\" sizes=\"auto, (max-width: 500px) 100vw, 500px\" \/><\/figure>\n\n\n\n<h2 class=\"wp-block-heading has-text-align-center\">Radmila Erceg<\/h2>\n\n\n\n<p class=\"has-text-align-center\">medical technician<\/p>\n<\/div>\n\n\n\n<div class=\"wp-block-column is-layout-flow wp-block-column-is-layout-flow\">\n<figure class=\"wp-block-image size-full\"><img loading=\"lazy\" decoding=\"async\" width=\"500\" height=\"500\" src=\"https:\/\/dermatim.rs\/wp-content\/uploads\/2026\/03\/milica-tavric-dermatim.jpg\" alt=\"milica tavric dermatim\" class=\"wp-image-8787\" title=\"Milica Tavric\" srcset=\"https:\/\/dermatim.rs\/wp-content\/uploads\/2026\/03\/milica-tavric-dermatim.jpg 500w, https:\/\/dermatim.rs\/wp-content\/uploads\/2026\/03\/milica-tavric-dermatim-300x300.jpg 300w, https:\/\/dermatim.rs\/wp-content\/uploads\/2026\/03\/milica-tavric-dermatim-150x150.jpg 150w\" sizes=\"auto, (max-width: 500px) 100vw, 500px\" \/><\/figure>\n\n\n\n<h2 class=\"wp-block-heading has-text-align-center\">Milica Tavri\u0107<\/h2>\n\n\n\n<p class=\"has-text-align-center\">medical technician<\/p>\n<\/div>\n<\/div>\n\n\n\n<div style=\"height:31px\" aria-hidden=\"true\" class=\"wp-block-spacer\"><\/div>\n<\/div><\/div>\n","protected":false},"excerpt":{"rendered":"<p>Dermatim dermatological practice is the first private centre for skin diseases, sexually transmitted diseases and<\/p>\n","protected":false},"author":14,"featured_media":0,"parent":0,"menu_order":0,"comment_status":"closed","ping_status":"closed","template":"","meta":{"_acf_changed":false,"footnotes":""},"class_list":["post-4915","page","type-page","status-publish"],"acf":[],"_links":{"self":[{"href":"https:\/\/dermatim.rs\/en\/wp-json\/wp\/v2\/pages\/4915","targetHints":{"allow":["GET"]}}],"collection":[{"href":"https:\/\/dermatim.rs\/en\/wp-json\/wp\/v2\/pages"}],"about":[{"href":"https:\/\/dermatim.rs\/en\/wp-json\/wp\/v2\/types\/page"}],"author":[{"embeddable":true,"href":"https:\/\/dermatim.rs\/en\/wp-json\/wp\/v2\/users\/14"}],"replies":[{"embeddable":true,"href":"https:\/\/dermatim.rs\/en\/wp-json\/wp\/v2\/comments?post=4915"}],"version-history":[{"count":12,"href":"https:\/\/dermatim.rs\/en\/wp-json\/wp\/v2\/pages\/4915\/revisions"}],"predecessor-version":[{"id":8936,"href":"https:\/\/dermatim.rs\/en\/wp-json\/wp\/v2\/pages\/4915\/revisions\/8936"}],"wp:attachment":[{"href":"https:\/\/dermatim.rs\/en\/wp-json\/wp\/v2\/media?parent=4915"}],"curies":[{"name":"wp","href":"https:\/\/api.w.org\/{rel}","templated":true}]}}