{"id":4931,"date":"2020-09-23T08:10:12","date_gmt":"2020-09-23T06:10:12","guid":{"rendered":"https:\/\/dermatim.rs\/about-us\/dr-svetlana-durisic\/"},"modified":"2026-04-01T12:03:44","modified_gmt":"2026-04-01T10:03:44","slug":"dr-svetlana-durisic","status":"publish","type":"page","link":"https:\/\/dermatim.rs\/en\/about-us\/dr-svetlana-durisic\/","title":{"rendered":"dr Svetlana Djurisic"},"content":{"rendered":"\n<div class=\"wp-block-columns are-vertically-aligned-center is-layout-flex wp-container-core-columns-is-layout-9d6595d7 wp-block-columns-is-layout-flex\">\n<div class=\"wp-block-column is-vertically-aligned-center is-layout-flow wp-block-column-is-layout-flow\">\n<figure class=\"wp-block-image alignfull size-full\"><img loading=\"lazy\" decoding=\"async\" width=\"500\" height=\"500\" src=\"https:\/\/dermatim.rs\/wp-content\/uploads\/2026\/04\/dr-svetlana-djurisic-poliklinika-dermatim-beograd.jpg\" alt=\"dr svetlana djurisic poliklinika dermatim beograd\" class=\"wp-image-8858\" srcset=\"https:\/\/dermatim.rs\/wp-content\/uploads\/2026\/04\/dr-svetlana-djurisic-poliklinika-dermatim-beograd.jpg 500w, https:\/\/dermatim.rs\/wp-content\/uploads\/2026\/04\/dr-svetlana-djurisic-poliklinika-dermatim-beograd-300x300.jpg 300w, https:\/\/dermatim.rs\/wp-content\/uploads\/2026\/04\/dr-svetlana-djurisic-poliklinika-dermatim-beograd-150x150.jpg 150w\" sizes=\"auto, (max-width: 500px) 100vw, 500px\" \/><figcaption class=\"wp-element-caption\">dr Svetlana \u0110uri\u0161i\u0107<\/figcaption><\/figure>\n<\/div>\n\n\n\n<div class=\"wp-block-column is-vertically-aligned-center is-layout-flow wp-block-column-is-layout-flow\">\n<h2 class=\"wp-block-heading\" id=\"headline-7-65\"><strong>dr Svetlana \u0110uri\u0161i\u0107<\/strong><\/h2>\n\n\n\n<h3 class=\"wp-block-heading\" id=\"headline-8-65\">Specialist in skin and venereal diseases<\/h3>\n<\/div>\n<\/div>\n\n\n\n<div class=\"wp-block-columns is-layout-flex wp-container-core-columns-is-layout-9d6595d7 wp-block-columns-is-layout-flex\">\n<div class=\"wp-block-column is-layout-flow wp-block-column-is-layout-flow\">\n<p><strong>Education<\/strong><br><strong>1993 &#8211; 1999<\/strong>: Faculty of Medicine, University of Belgrade<br><strong>1999 \u2013 2001<\/strong>: Postgraduate studies in rheumatology, Faculty of Medicine in Belgrade<br><strong>2001 &#8211; 2004<\/strong>: Specialisation in dermatology and venereology at the Clinic for Skin and Venereal Diseases of the Military Medical Academy<\/p>\n\n\n\n<p><strong>Additional training<\/strong><br><strong>2005<\/strong>: international dermoscopy training<br><strong>2005<\/strong>: certificate of photoepilation with diode lasers &#8211; Lumenis<br><strong>2006<\/strong>: advanced dermoscopy training<br><strong>2006<\/strong>: certificate in Electrosurgery<br><strong>2007<\/strong>: certificate of chemical peels<br><strong>2007<\/strong>: certificate of photoepilation with Alexandrite lasers &#8211; Candela<br><strong>2008<\/strong>: certificate for operation of VelaShape devices &#8211; Syneron<br><strong>2009<\/strong>: Certificate in Cosmetic Dermatology<br><strong>2009<\/strong>: certificate for advanced use of hyaluronic acid &#8211; Restylan<br><strong>2010<\/strong>: certificate for advanced use of hyaluronic acid &#8211; Teosyal<br><strong>2010<\/strong>: certificate of mesotherapy<\/p>\n<\/div>\n\n\n\n<div class=\"wp-block-column is-layout-flow wp-block-column-is-layout-flow\">\n<p><strong>Professional work until present<\/strong><br><strong>1999 &#8211; 2000<\/strong>: general practitioner at the Clinic Hospital Centre Zvezdara<br><strong>2000 &#8211; 2004<\/strong>: specialist internship at the Military Medical Academy in Belgrade (VMA)<br><strong>2004 &#8211; 2007<\/strong>: specialist in skin and venereal diseases, Polyclinic &#8220;Belgrade&#8221; and Polyclinic &#8220;Diva&#8221;, Belgrade<br><strong>2007<\/strong> &#8211; founder and owner, specialist in skin and venereal diseases, &#8220;Dermatim&#8221;, Belgrade<\/p>\n\n\n\n<p><strong>Membership in scientific and professional organizations<\/strong><br><strong>SLD<\/strong> &#8211; Dermatovenerological Section of the Serbian Medical Association<br><strong>UDVS<\/strong> &#8211; Association of Dermatovenerologists of Serbia<br><strong>UPLKS<\/strong> &#8211; Serbian Association of Private Medical Doctors<br><strong>SAAAM<\/strong> \u2013 Serbian Association for Anti-Aging Medicine<br><strong>IDS<\/strong> \u2013 International Dermoscopy Society<br><strong>IHS<\/strong> \u2013 International Hyperhidrosis Society<br><strong>WOSIAM<\/strong> \u2013 World Society Interdisciplinary Anti-Aging Medicine<br><strong>ESCAD<\/strong> \u2013 European society for Cosmetic and Aesthetic dermatology<\/p>\n<\/div>\n<\/div>\n\n\n\n<div class=\"wp-block-columns is-layout-flex wp-container-core-columns-is-layout-9d6595d7 wp-block-columns-is-layout-flex\">\n<div class=\"wp-block-column is-layout-flow wp-block-column-is-layout-flow\">\n<p class=\"has-text-align-center\"><strong>2010<\/strong><\/p>\n\n\n\n<p>1. CERTIFICATE OF PARTICIPATION &#8211; GLOBAL ANTI-AGING CONGRESS &#8211; WOSIAM Dr Herve Raspaldo, Dr Ines Werner, Dr Vanessa Phua, Dr Colin Tham, Dr Vincent Yeow, Dr Claude Dalle, Dr Claude Chauchard, Dr Takuji Shirasawa<br>2. CERTIFICATE OF PARTICIPATION &#8211; International Congress on Anti Aging Medicine and Regenative Biomedical Technologies &#8211; SAAAM<\/p>\n<\/div>\n\n\n\n<div class=\"wp-block-column is-layout-flow wp-block-column-is-layout-flow\">\n<p class=\"has-text-align-center\"><strong>2011<\/strong><\/p>\n\n\n\n<p>1. CERTIFICATE OF ATTENDANCE to the Scientific program &#8211; WOSIAM Dr. Pierre Andre, Dr. Patrick Trevidic, Dr. Claude Dalle, Dr. Mario Krause, Dr. Pakpilai Thavisin<br>2. CERTIFICATE OF ATTENDANCE 20th CONGRES OF THE EUROPEAN ACADEMY OF DERMATOLOGY AND VENEREOLOGY<br>3. CERTIFICATE OF ATTENDANCE JUVADERM EXPERT MENTORNIG &#8211; ALLERGAN Dr Mico Djuricic, Dr Luiz Toledo, Dr Franc Planinsek<br>4. Certificate &#8211; DERMOSCOPY-MODERN DIAGNOSTICS CERTIFICATE &#8211; Dr. Giuseppe Argenziano, Dr. Iris Zalaudek<br>5. CERTIFICATE OF ATTENDANCE EXPERT MENTORNIG MASTERCLASS &#8211; ALLERGAN Dr Mauricio de Maio<\/p>\n<\/div>\n<\/div>\n\n\n\n<div class=\"wp-block-columns is-layout-flex wp-container-core-columns-is-layout-9d6595d7 wp-block-columns-is-layout-flex\">\n<div class=\"wp-block-column is-layout-flow wp-block-column-is-layout-flow\">\n<p class=\"has-text-align-center\"><strong><strong>2012<\/strong><\/strong><\/p>\n\n\n\n<p>1. CERTIFICATE OF ATTENDANCE to the Scientific program &#8211; WOSIAM Dr. Pierre Andre, Dr. Patrick Trevidic, Dr. Claude Dalle<br>2. Certificate &#8211; Application of innovative products in the field of aesthetics &#8211; SRBPRAS (Serbian Association for Plastic, Reconstructive and Aesthetic Surgery)<br>3. AESTETIC DERMATOLOGY MASTER on Liquid Lifting, Eye Rejuvenation and Nose Rynoplasty &#8211; Dr Inigo de Felipe<br>4. CERTIFICATE OF ATTENDANCE Medical Aesthetic Academy Expert Meeting &#8211; ALLERGAN Dr Lakhdar Belhaouari, Dr Mauricio de Maio, Dr Koenraad de Boulle, Dr Herve Raspaldo, Dr Gregor Wahl<br>5. CERTIFICATE OF ATTENDANCE &#8211; Face 2 Face EACCME<\/p>\n<\/div>\n\n\n\n<div class=\"wp-block-column is-layout-flow wp-block-column-is-layout-flow\">\n<p class=\"has-text-align-center\"><strong><strong>2013<\/strong><\/strong><\/p>\n\n\n\n<p>1. CERTIFICATE OF PARTICIPATION at the 1th Anti Aging Congres UDVCG<br>2. CERTIFICATE OF ATTENDANCE EXPERT FORUM introducing Vycross Collection \u2013 ALLERGAN Dr Mauricio de Maio<br>3. CERTIFICATE OF ATTENDANCE to the Scientific program \u2013 WOSIAM Dr Pierre Andre, Dr Patrick Trevidic, Dr Claude Dalle<br>4. CERTIFICATE OF ATTENDANCE The Power of V4 in Facial Rejuvenation: A New Whole Face Approach \u2013 AMWC Dr Koenraad de Boulle, Dr Massimo Signorini, Dr Lakhdar belhaouari, Dr Herve Raspaldp, dr Mauricio de Maio, Dr Sebastien Pierre, Dr Wolfang G Philip-Dormston<\/p>\n<\/div>\n<\/div>\n\n\n\n<div class=\"wp-block-columns is-layout-flex wp-container-core-columns-is-layout-9d6595d7 wp-block-columns-is-layout-flex\">\n<div class=\"wp-block-column is-layout-flow wp-block-column-is-layout-flow\">\n<p class=\"has-text-align-center\"><strong><strong><strong>2014<\/strong><\/strong><\/strong><\/p>\n\n\n\n<p>1. CERTIFICATE international course in dermoscopy \u2013 prof. dr Harald Kittler<br>2. Certificate &#8211; Application of innovative products in the field of aesthetics Silhouette Soft; Puregraf System 250<br>SRBPRAS (Serbian Association for Plastic, Reconstructive and Aesthetic Surgery)<br>3. CERTIFICATE OF PARTICIPATION &#8211; ALLERGAN &#8211; FACIAL AESTHETICS TRAINER &#8211; Philip Norstrand<br>4. CERTIFICATE OF PARTICIPATION EADV Fostering Specialist Course &#8211; PHLEBOLOGY &#8211; Dr. Rolf Ostendorf, Prof. Klaus Fritz<\/p>\n<\/div>\n\n\n\n<div class=\"wp-block-column is-layout-flow wp-block-column-is-layout-flow\">\n<p class=\"has-text-align-center\"><strong><strong><strong>2015<\/strong><\/strong><\/strong><\/p>\n\n\n\n<p>1. CERTIFICATE OF ATTENDANCE TO THE SCIENTIFIC PROGRAM \u2013 AMEC Dr Sabine Zenker, Dr Ali Pirayesh, Dr Ines Verner, Dr Claude Dalle<br>2. CERTIFICATE OF ATTENDANCE \u2014 Introduction to the MD Codes \u2013 Allergan Medical Institute Leaders Meeting \u2013 Dr Mauricio de Maio<br>3. CERTIFICATE OF ATTENDANCE \u2014 Introduction to the MD Codes \u2013 Train the Trainer Expert Forum \u2013 Dr Mauricio de Maio<br>4. Certificate &#8211; Application of innovative products in the field of aesthetics &#8211; SRBPRAS (Serbian Association for Plastic, Reconstructive and Aesthetic Surgery)<br>5. CERTIFICATE OF ATTENDANCE VYCROSS VERSATILITY WORKSHOP \u2013 Dr Radina Denkova<\/p>\n<\/div>\n<\/div>\n\n\n\n<div class=\"wp-block-columns is-layout-flex wp-container-core-columns-is-layout-9d6595d7 wp-block-columns-is-layout-flex\">\n<div class=\"wp-block-column is-layout-flow wp-block-column-is-layout-flow\">\n<p class=\"has-text-align-center\"><strong><strong><strong><strong>2016<\/strong><\/strong><\/strong><\/strong><\/p>\n\n\n\n<p>1. CERTIFICATE \u2013 international dermoscopy course \u2013 Dr Giuseppe Argenziano<br>2. CERTIFICATE \u2013 Advanced dermoscopy \u2013 international course in dermoscopy \u2013 prof. dr Harald Kittler<br>3. CERTIFICATE OF ATTENDANCE TO THE SCIENTIFIC PROGRAM \u2013 AMWC Dr Thierry Besins, Dr Claude Dalle<br>4. CERTIFICATE OF ATTENDANCE ALLERGAN MASTER CLASS \u2013 Dr Marva Safa Diana<br>5. CERTIFICATE OF ATTENDANCE 25th CONGRES OF THE EUROPEAN ACADEMY OF DERMATOLOGY AND VENEREOLOGY<\/p>\n<\/div>\n\n\n\n<div class=\"wp-block-column is-layout-flow wp-block-column-is-layout-flow\">\n<p class=\"has-text-align-center\"><strong><strong><strong><strong>2017<\/strong><\/strong><\/strong><\/strong><\/p>\n\n\n\n<p>1. CERTIFICATE OF ATTENDANCE Scientific Conference \u2013 IMCAS \u2013 Dr Serge Dahan, Dr Steven Dayan, Dr Philippe Kestemont, Dr Anne LePillouer Prost, Dr Gay Magalon, Dr Ali Mojallal, Dr Serge Mordon, Dr Foad Nahai, Dr Mark Nestor, Dr Bernard Rossi, Dr Benjamin Asher, Dr Olivier Gerbault, Dr David J Goldberg, Dr Bernard Mole<br>2. CERTIFICATE OF ATTENDANCE 26th CONGRES OF THE EUROPEAN ACADEMY OF DERMATOLOGY AND VENEREOLOGY<\/p>\n<\/div>\n<\/div>\n\n\n\n<div class=\"wp-block-columns is-layout-flex wp-container-core-columns-is-layout-9d6595d7 wp-block-columns-is-layout-flex\">\n<div class=\"wp-block-column is-layout-flow wp-block-column-is-layout-flow\">\n<p class=\"has-text-align-center\"><strong><strong><strong><strong><strong>2018<\/strong><\/strong><\/strong><\/strong><\/strong><\/p>\n\n\n\n<p>1. CERTIFICATE OF ATTENDANCE Scientific Conference \u2013 IMCAS \u2013 Dr Serge Dahan, Dr Steven Dayan, Dr Philippe Kestemont, Dr Anne LePillouer Prost, Dr Gay Magalon, Dr Ali Mojallal, Dr Serge Mordon, Dr Foad Nahai, Dr Bernard Rossi, Dr Benjamin Asher, Dr David J Goldberg, Dr Bernard Mole<br>2. CERTIFICATE OF ATTENDENCE &amp; MEMBERSHIP Advisory Board \u2013 ALLERGAN<br>3. Certificate of Attendance &amp; Learning Tool Anatomical Basis of Restoration &amp; Rejuvenation of the Peri-orbital &amp; Peri-oral Area Using Non-Surgical Injectable Treatments \u2013 OCULO \u2013FACIAL AESTHETIC ACADEMY Dr Sabrina Shah-Desai<\/p>\n<\/div>\n\n\n\n<div class=\"wp-block-column is-layout-flow wp-block-column-is-layout-flow\">\n<p class=\"has-text-align-center\"><strong><strong><strong><strong><strong>2019<\/strong><\/strong><\/strong><\/strong><\/strong><\/p>\n\n\n\n<p>1. AESTHETIC PLASTIC SURGERY Certificate \u2013 The Third Norwegian-American Surgery Meeting, Oslo Norway<\/p>\n<\/div>\n<\/div>\n\n\n\n<div class=\"wp-block-columns is-layout-flex wp-container-core-columns-is-layout-9d6595d7 wp-block-columns-is-layout-flex\">\n<div class=\"wp-block-column is-layout-flow wp-block-column-is-layout-flow\">\n<p class=\"has-text-align-center\"><strong><strong><strong><strong><strong><strong>2020<\/strong><\/strong><\/strong><\/strong><\/strong><\/strong><\/p>\n\n\n\n<p>1. CERTIFICATE OF ATTENDANCE \u2013 29th Virtual Congerss of the European Academy of Dermatology and Venerology<br>2. EADV CERTIFICATE OF CME-CPD CREDIT -29th EADV Virtual Congress<br>3. CERTIFICATE AMWC Aesthetic &amp; Anti-Aging Medicine WorldConger, Monte-CArlo, Monaco<br>4. CERTIFICATE OF ATTENDANCE to the Scientific program -AMWC Global<\/p>\n<\/div>\n\n\n\n<div class=\"wp-block-column is-layout-flow wp-block-column-is-layout-flow\"><\/div>\n<\/div>\n","protected":false},"excerpt":{"rendered":"<p>dr Svetlana \u0110uri\u0161i\u0107 Specialist in skin and venereal diseases Education1993 &#8211; 1999: Faculty of Medicine,<\/p>\n","protected":false},"author":14,"featured_media":0,"parent":4915,"menu_order":0,"comment_status":"closed","ping_status":"closed","template":"","meta":{"_acf_changed":false,"footnotes":""},"class_list":["post-4931","page","type-page","status-publish"],"acf":[],"_links":{"self":[{"href":"https:\/\/dermatim.rs\/en\/wp-json\/wp\/v2\/pages\/4931","targetHints":{"allow":["GET"]}}],"collection":[{"href":"https:\/\/dermatim.rs\/en\/wp-json\/wp\/v2\/pages"}],"about":[{"href":"https:\/\/dermatim.rs\/en\/wp-json\/wp\/v2\/types\/page"}],"author":[{"embeddable":true,"href":"https:\/\/dermatim.rs\/en\/wp-json\/wp\/v2\/users\/14"}],"replies":[{"embeddable":true,"href":"https:\/\/dermatim.rs\/en\/wp-json\/wp\/v2\/comments?post=4931"}],"version-history":[{"count":5,"href":"https:\/\/dermatim.rs\/en\/wp-json\/wp\/v2\/pages\/4931\/revisions"}],"predecessor-version":[{"id":8870,"href":"https:\/\/dermatim.rs\/en\/wp-json\/wp\/v2\/pages\/4931\/revisions\/8870"}],"up":[{"embeddable":true,"href":"https:\/\/dermatim.rs\/en\/wp-json\/wp\/v2\/pages\/4915"}],"wp:attachment":[{"href":"https:\/\/dermatim.rs\/en\/wp-json\/wp\/v2\/media?parent=4931"}],"curies":[{"name":"wp","href":"https:\/\/api.w.org\/{rel}","templated":true}]}}