{"id":4996,"date":"2020-09-23T08:10:52","date_gmt":"2020-09-23T06:10:52","guid":{"rendered":"https:\/\/dermatim.rs\/about-us\/dr-sladana-cvejic\/"},"modified":"2026-03-31T14:22:08","modified_gmt":"2026-03-31T12:22:08","slug":"dr-sladana-cvejic","status":"publish","type":"page","link":"https:\/\/dermatim.rs\/en\/about-us\/dr-sladana-cvejic\/","title":{"rendered":"Dr. Sla\u0111ana Cveji\u0107"},"content":{"rendered":"\n<div class=\"wp-block-columns is-layout-flex wp-container-core-columns-is-layout-9d6595d7 wp-block-columns-is-layout-flex\">\n<div class=\"wp-block-column is-layout-flow wp-block-column-is-layout-flow\">\n<figure class=\"wp-block-image alignfull size-full\"><img loading=\"lazy\" decoding=\"async\" width=\"500\" height=\"500\" src=\"https:\/\/dermatim.rs\/wp-content\/uploads\/2026\/03\/dr-sladjana-cvejic.jpg\" alt=\"dr Sladjana Cvejic\" class=\"wp-image-8776\" title=\"Dr. Sla\u0111ana Cveji\u0107\" srcset=\"https:\/\/dermatim.rs\/wp-content\/uploads\/2026\/03\/dr-sladjana-cvejic.jpg 500w, https:\/\/dermatim.rs\/wp-content\/uploads\/2026\/03\/dr-sladjana-cvejic-300x300.jpg 300w, https:\/\/dermatim.rs\/wp-content\/uploads\/2026\/03\/dr-sladjana-cvejic-150x150.jpg 150w\" sizes=\"auto, (max-width: 500px) 100vw, 500px\" \/><figcaption class=\"wp-element-caption\">Dr. Sla\u0111ana Cveji\u0107 specialist in skin and venereal diseases<\/figcaption><\/figure>\n<\/div>\n\n\n\n<div class=\"wp-block-column is-vertically-aligned-center is-layout-flow wp-block-column-is-layout-flow\">\n<h2 class=\"wp-block-heading\"><strong>Dr. Sla\u0111ana Cveji\u0107<\/strong><\/h2>\n\n\n\n<h3 class=\"wp-block-heading\">specialist in skin and venereal diseases<\/h3>\n<\/div>\n<\/div>\n\n\n\n<div class=\"wp-block-columns is-layout-flex wp-container-core-columns-is-layout-9d6595d7 wp-block-columns-is-layout-flex\">\n<div class=\"wp-block-column is-layout-flow wp-block-column-is-layout-flow\">\n<p class=\"has-text-align-center\"><strong>Education and further training<\/strong><\/p>\n\n\n\n<p><strong>1991 &#8211; 1999<\/strong>: Faculty of Medicine, University of Belgrade<br><strong>2000 &#8211; 2003<\/strong>: specialist internship at the Military Medical Academy in Belgrade<br><strong>2008<\/strong>: international dermoscopy training<br><strong>2010<\/strong>: advanced dermoscopy training<br><strong>2010<\/strong>: certificate for advanced work with hyaluronic acid &#8211; Restylane<br><strong>2011<\/strong>: certificate of chemical peels<br><strong>2011<\/strong>: Advanced International Dermoscopy Course &#8211; Dr. Giuseppe Argenziano<br><strong>2011<\/strong>: certificate of aesthetic dermatology &#8211; new perspectives<br><strong>2011<\/strong>: dermoscopic modern diagnostics Dr. Giuseppe Argenziano<br><strong>2012<\/strong>: advanced Chemical Peeling Techniques &#8211; Dr. Phillippe Deprez<br><strong>2012<\/strong>: certificate for advanced work with Juvederm hyaluronic acid<br><strong>2012<\/strong>: advanced course in integrative medicine<br><strong>2013<\/strong>: certificate of mesotherapy<br><strong>2013<\/strong>: Certificate for advanced work with Juvederm and Vistabel &#8211; Allergan<\/p>\n<\/div>\n\n\n\n<div class=\"wp-block-column is-layout-flow wp-block-column-is-layout-flow\">\n<p class=\"has-text-align-center\"><strong>Work experience<\/strong><\/p>\n\n\n\n<p><strong>1999 &#8211; 2000<\/strong>: general practitioner at Dragi\u0161a Mi\u0161ovi\u0107 Clinical Hospital in Belgrade<br><strong>2000 &#8211; 2003<\/strong>: specialist internship at the Military Medical Academy in Belgrade<br><strong>2010 &#8211; 2011<\/strong>: specialist at the Clinic for Skin and Venereal Diseases, Military Medical Academy in Belgrade<br><strong>2011<\/strong> &#8211; specialist in Dermatim<\/p>\n\n\n\n<p><strong>Membership in scientific and professional organizations<\/strong><br><strong>EADV<\/strong> \u2013 European Academy of Dermatology and Venerology<br><strong>SLD<\/strong> &#8211; Dermatovenerology Section of the Serbian Medical Association<br><strong>UDVS<\/strong>&#8211; Serbian Association of Dermatovenerologists<br><strong>IDS<\/strong> \u2013 International Dermoscopy Society<br><strong>ASKED<\/strong> &#8211; Association of Serbian Cosmetic and Aesthetic Dermatology<\/p>\n<\/div>\n<\/div>\n\n\n\n<div class=\"wp-block-columns is-layout-flex wp-container-core-columns-is-layout-9d6595d7 wp-block-columns-is-layout-flex\">\n<div class=\"wp-block-column is-layout-flow wp-block-column-is-layout-flow\">\n<p class=\"has-text-align-center\"><strong><strong>2013<\/strong><\/strong><\/p>\n\n\n\n<p>1. CERTIFICATE \u2013 INTERNATIONAL COURSE IN DERMOSCOPY \u2013 prof dr Giuseppe Argenziano, prof dr Iris Zalaudek<br>2. CERTIFICATE &#8211; THE ROAD TO THE CENTER OF THE SKIN &#8211; Medical advanced projects<br>3. CERTIFICATE &#8211; SCHOOL OF AESTHETIC DERMATOLOGY &#8211; ASKED (Association of Serbian Cosmetic and Aesthetic Dermatology)<br>4. CERTIFICATE &#8211; Acne vulgaris &#8211; New diagnostic and therapeutic approach &#8211; ASKED<br>5. CERTIFICATE \u2013 Mesotherapy workshop \u2013 Skin tech<\/p>\n<\/div>\n\n\n\n<div class=\"wp-block-column is-layout-flow wp-block-column-is-layout-flow\">\n<p class=\"has-text-align-center\"><strong><strong>2014<\/strong><\/strong><\/p>\n\n\n\n<p>1. CERTIFICATE \u2013 INTERNATIONAL COURSE IN DERMOSCOPY \u2013 prof Harald Kittler<br>2. CERTIFICATE &#8211; Innovations in the treatment of acne vulgaris &#8211; Farmanea<br>3. CERTIFICATE &#8211; Hair growth disorders &#8211; diagnostics and therapy &#8211; ASKED<br>4. CERTIFICATE OF ATENDANCE JUVADERM EXPERT MENTORING &#8211; ALLERGAN &#8211; dr Mi\u0161elji\u0107<\/p>\n<\/div>\n<\/div>\n\n\n\n<div class=\"wp-block-columns is-layout-flex wp-container-core-columns-is-layout-9d6595d7 wp-block-columns-is-layout-flex\">\n<div class=\"wp-block-column is-layout-flow wp-block-column-is-layout-flow\">\n<p class=\"has-text-align-center\"><strong><strong><strong>2015<\/strong><\/strong><\/strong><\/p>\n\n\n\n<p>1. CERTIFICATE &#8211; PRACTICAL DERMOSCOPY (Eucerin)<br>2. CERTIFICATE OF ATTENDANCE &#8211; Vistabel and Juvaderm facial workshop &#8211; Prof. Ga\u010devi\u0107<br>3. CERTIFICATE &#8211; SKIN TECH PEELINGS AND DAILY CARE &#8211; IPAR course (International Plastic Aesthetic Residance)<br>4. CERTIFICATE &#8211; Aesthetic Dermatology &#8211; New Perspectives ASKED (Association of Serbian Cosmetic and Aesthetic Dermatology)<\/p>\n<\/div>\n\n\n\n<div class=\"wp-block-column is-layout-flow wp-block-column-is-layout-flow\">\n<p class=\"has-text-align-center\"><strong><strong><strong>2016<\/strong><\/strong><\/strong><\/p>\n\n\n\n<p>1. CERTIFICATE &#8211; INTERNATIONAL COURSE IN DERMOSCOPY &#8211; Dr. Giuseppe Argenziano<br>2. CERTIFICATE &#8211; Biological medications for psoriasis treatment &#8211; ASKED (Association of Serbian Cosmetic and Aesthetic Dermatology)<br>3. CERTIFICATE- Practical dermoscopy &#8211; advanced training (Eucerin)<br>4. CERTIFICATE \u2013 ADVANCED DERMOSKOPY \u2013 INTERNATIONAL COURSE IN DERMOSKOPY \u2013 prof dr Harald Kittler<br>5. CERTIFICATE &#8211; Non-invasive procedures in aesthetic medicine &#8211; Skin tech, Neauvia, Jett<\/p>\n<\/div>\n<\/div>\n\n\n\n<div class=\"wp-block-columns is-layout-flex wp-container-core-columns-is-layout-9d6595d7 wp-block-columns-is-layout-flex\">\n<div class=\"wp-block-column is-layout-flow wp-block-column-is-layout-flow\">\n<p class=\"has-text-align-center\"><strong><strong><strong><strong>2017<\/strong><\/strong><\/strong><\/strong><\/p>\n\n\n\n<p>1. CERTIFICATE OF ATTENDANCE 26th CONGRES OF THE EUROPEAN ACADEMY OF DERMATOLOGY AND VENEOROLOGY<br>2. CERTIFICATE &#8211; Modern procedures in aesthetic medicine &#8211; SKIN TECH, NEAUVIA<br>3. CERTIFICATE &#8211; Modern approach to treatment and novelties in the field of atopic dermatitis &#8211; Serbian Medical Association<br>4. CERTIFICATE &#8211; Practical dermoscopy &#8211; advanced training (Eucerin)<br>5. CERTIFICATE &#8211; Dermatology in Aesthetic Medicine &#8211; Association of Serbian Cosmetic and Aesthetic Dermatology<\/p>\n<\/div>\n\n\n\n<div class=\"wp-block-column is-layout-flow wp-block-column-is-layout-flow\">\n<p class=\"has-text-align-center\"><strong><strong><strong><strong>2018<\/strong><\/strong><\/strong><\/strong><\/p>\n\n\n\n<p>1. CERTIFICATE OF ATTENDANCE 27th CONGRES OF THE EUROPEAN ACADEMY OF<br>DERMATOLOGY AND VENEROLOGY, PARIS<br>2. CERTIFICATE of participation in the XX BELGRADE DERMATOLOGICAL DAYS with international<br>participation &#8211; Serbian Association of Dermatovenerologists<br>3. CERTIFICATE &#8211; Challenges in aesthetic dermatology, Association of Serbian cosmetic and aesthetic dermatology<br>4. CERTIFICATE Teoxane, Innovations in the application of dermal fillers<\/p>\n<\/div>\n<\/div>\n\n\n\n<div class=\"wp-block-columns is-layout-flex wp-container-core-columns-is-layout-9d6595d7 wp-block-columns-is-layout-flex\">\n<div class=\"wp-block-column is-layout-flow wp-block-column-is-layout-flow\">\n<p class=\"has-text-align-center\"><strong><strong><strong><strong><strong>2019<\/strong><\/strong><\/strong><\/strong><\/strong><\/p>\n\n\n\n<p>1. CERTIFICATE OF ATTENDANCE 28th CONGRES OF THE EUROPEAN ACADEMY OF<br>DERMATOLOGY AND VENEROLOGY, MADRID<br>2. CERTIFICATE INTERNATIONAL COURSE IN DERMOSCOPY &#8211; Prof. Dr. Giuseppe Argentino<br>3. CERTIFICATE &#8211; Dermatology in Aesthetic Medicine, Association of Serbian Cosmetic and Aesthetic Dermatology<\/p>\n<\/div>\n\n\n\n<div class=\"wp-block-column is-layout-flow wp-block-column-is-layout-flow\">\n<p class=\"has-text-align-center\"><strong><strong><strong><strong><strong>2020<\/strong><\/strong><\/strong><\/strong><\/strong><\/p>\n\n\n\n<p>1. CERTIFICATE of participation in the Allergy conference &#8211; new scientific knowledge<br>2. CERTIFICATE Acne and atopic dermatitis &#8211; modern treatment guidelines<\/p>\n<\/div>\n<\/div>\n","protected":false},"excerpt":{"rendered":"<p>Dr. Sla\u0111ana Cveji\u0107 specialist in skin and venereal diseases Education and further training 1991 &#8211;<\/p>\n","protected":false},"author":14,"featured_media":0,"parent":4915,"menu_order":0,"comment_status":"closed","ping_status":"closed","template":"","meta":{"_acf_changed":false,"footnotes":""},"class_list":["post-4996","page","type-page","status-publish"],"acf":[],"_links":{"self":[{"href":"https:\/\/dermatim.rs\/en\/wp-json\/wp\/v2\/pages\/4996","targetHints":{"allow":["GET"]}}],"collection":[{"href":"https:\/\/dermatim.rs\/en\/wp-json\/wp\/v2\/pages"}],"about":[{"href":"https:\/\/dermatim.rs\/en\/wp-json\/wp\/v2\/types\/page"}],"author":[{"embeddable":true,"href":"https:\/\/dermatim.rs\/en\/wp-json\/wp\/v2\/users\/14"}],"replies":[{"embeddable":true,"href":"https:\/\/dermatim.rs\/en\/wp-json\/wp\/v2\/comments?post=4996"}],"version-history":[{"count":6,"href":"https:\/\/dermatim.rs\/en\/wp-json\/wp\/v2\/pages\/4996\/revisions"}],"predecessor-version":[{"id":8798,"href":"https:\/\/dermatim.rs\/en\/wp-json\/wp\/v2\/pages\/4996\/revisions\/8798"}],"up":[{"embeddable":true,"href":"https:\/\/dermatim.rs\/en\/wp-json\/wp\/v2\/pages\/4915"}],"wp:attachment":[{"href":"https:\/\/dermatim.rs\/en\/wp-json\/wp\/v2\/media?parent=4996"}],"curies":[{"name":"wp","href":"https:\/\/api.w.org\/{rel}","templated":true}]}}