{"id":7761,"date":"2023-08-23T11:49:16","date_gmt":"2023-08-23T09:49:16","guid":{"rendered":"https:\/\/dermatim.rs\/about-us\/dr-velisa-arsic\/"},"modified":"2026-04-03T13:44:42","modified_gmt":"2026-04-03T11:44:42","slug":"dr-velisa-arsic","status":"publish","type":"page","link":"https:\/\/dermatim.rs\/en\/about-us\/dr-velisa-arsic\/","title":{"rendered":"Dr. Veli\u0161a Arsi\u0107"},"content":{"rendered":"\n<div class=\"wp-block-columns are-vertically-aligned-center is-layout-flex wp-container-core-columns-is-layout-9d6595d7 wp-block-columns-is-layout-flex\">\n<div class=\"wp-block-column is-vertically-aligned-center is-layout-flow wp-block-column-is-layout-flow\"><div class=\"wp-block-image\">\n<figure class=\"aligncenter size-full\"><img loading=\"lazy\" decoding=\"async\" width=\"500\" height=\"500\" src=\"https:\/\/dermatim.rs\/wp-content\/uploads\/2026\/04\/dr-Velisa-Arsic-estetski-hirurg-dermatim.jpg\" alt=\"dr velisa arsic dermatim\" class=\"wp-image-8920\" title=\"dr Svetlana \u0110uri\u0161i\u0107\" srcset=\"https:\/\/dermatim.rs\/wp-content\/uploads\/2026\/04\/dr-Velisa-Arsic-estetski-hirurg-dermatim.jpg 500w, https:\/\/dermatim.rs\/wp-content\/uploads\/2026\/04\/dr-Velisa-Arsic-estetski-hirurg-dermatim-300x300.jpg 300w, https:\/\/dermatim.rs\/wp-content\/uploads\/2026\/04\/dr-Velisa-Arsic-estetski-hirurg-dermatim-150x150.jpg 150w\" sizes=\"auto, (max-width: 500px) 100vw, 500px\" \/><figcaption class=\"wp-element-caption\">Dr. Veli\u0161a Arsi\u0107 <br>Specialist in Plastic, Aesthetic and Reconstructive Surgery <\/figcaption><\/figure>\n<\/div><\/div>\n\n\n\n<div class=\"wp-block-column is-vertically-aligned-center is-layout-flow wp-block-column-is-layout-flow\">\n<h2 class=\"wp-block-heading\" id=\"headline-7-65\"><strong>Dr. Veli\u0161a Arsi\u0107<\/strong><\/h2>\n\n\n\n<h3 class=\"wp-block-heading\" id=\"headline-8-65\">Specialist in Plastic, Aesthetic and Reconstructive Surgery <\/h3>\n<\/div>\n<\/div>\n\n\n\n<div class=\"wp-block-columns is-layout-flex wp-container-core-columns-is-layout-9d6595d7 wp-block-columns-is-layout-flex\">\n<div class=\"wp-block-column is-layout-flow wp-block-column-is-layout-flow\">\n<p><strong>Education<\/strong><br>Faculty of Medicine, University of Belgrade<\/p>\n\n\n\n<p>He completed his specialization in plastic, aesthetic and reconstructive surgery in Belgrade.<\/p>\n\n\n\n<p>He completed his training in the field of aesthetic surgery in Austria.<\/p>\n\n\n\n<p>Additional specialization in Milan.<br><br><br><br><br><\/p>\n<\/div>\n\n\n\n<div class=\"wp-block-column is-layout-flow wp-block-column-is-layout-flow\">\n<p><strong>Membership in scientific and professional organizations<\/strong><br><strong>SRBPRAS<\/strong> \u2013 Serbian Association for Plastic, Reconstructive and Aesthetic Surgery<\/p>\n\n\n\n<p><strong>SRBSAPS<\/strong> &#8211; Association of Aesthetic Plastic Surgeons of Serbia<\/p>\n\n\n\n<p><strong>ISAPS<\/strong> \u2013 International Society of Aesthetic Plastic Surgery<\/p>\n\n\n\n<p><strong>IPRAS<\/strong> \u2013 International Confederation for Plastic, Reconstructive and Aesthetic Surgery<\/p>\n\n\n\n<p><strong>ESPRAS<\/strong> \u2013 European Society of Plastic, Reconstructive, and Aesthetic Surgery<\/p>\n\n\n\n<p><strong>BAPRAS<\/strong> \u2013 Balkan Association of Plastic Reconstructive and Aesthetic Surgery<\/p>\n<\/div>\n<\/div>\n","protected":false},"excerpt":{"rendered":"<p>Dr. Veli\u0161a Arsi\u0107 Specialist in Plastic, Aesthetic and Reconstructive Surgery EducationFaculty of Medicine, University of<\/p>\n","protected":false},"author":14,"featured_media":0,"parent":4915,"menu_order":0,"comment_status":"closed","ping_status":"closed","template":"","meta":{"_acf_changed":false,"footnotes":""},"class_list":["post-7761","page","type-page","status-publish"],"acf":[],"_links":{"self":[{"href":"https:\/\/dermatim.rs\/en\/wp-json\/wp\/v2\/pages\/7761","targetHints":{"allow":["GET"]}}],"collection":[{"href":"https:\/\/dermatim.rs\/en\/wp-json\/wp\/v2\/pages"}],"about":[{"href":"https:\/\/dermatim.rs\/en\/wp-json\/wp\/v2\/types\/page"}],"author":[{"embeddable":true,"href":"https:\/\/dermatim.rs\/en\/wp-json\/wp\/v2\/users\/14"}],"replies":[{"embeddable":true,"href":"https:\/\/dermatim.rs\/en\/wp-json\/wp\/v2\/comments?post=7761"}],"version-history":[{"count":2,"href":"https:\/\/dermatim.rs\/en\/wp-json\/wp\/v2\/pages\/7761\/revisions"}],"predecessor-version":[{"id":8934,"href":"https:\/\/dermatim.rs\/en\/wp-json\/wp\/v2\/pages\/7761\/revisions\/8934"}],"up":[{"embeddable":true,"href":"https:\/\/dermatim.rs\/en\/wp-json\/wp\/v2\/pages\/4915"}],"wp:attachment":[{"href":"https:\/\/dermatim.rs\/en\/wp-json\/wp\/v2\/media?parent=7761"}],"curies":[{"name":"wp","href":"https:\/\/api.w.org\/{rel}","templated":true}]}}